{"id":1958,"date":"2024-05-16T22:45:00","date_gmt":"2024-05-17T01:45:00","guid":{"rendered":"https:\/\/marciadiasillustration.com\/acerca-de-2\/"},"modified":"2024-08-02T12:15:03","modified_gmt":"2024-08-02T15:15:03","slug":"acerca-de-2","status":"publish","type":"page","link":"https:\/\/marciadiasillustration.com\/es\/acerca-de-2\/","title":{"rendered":"Acerca de"},"content":{"rendered":"\t\t<div data-elementor-type=\"wp-page\" data-elementor-id=\"1958\" class=\"elementor elementor-1958\" data-elementor-post-type=\"page\">\n\t\t\t\t\t\t<section class=\"elementor-section elementor-top-section elementor-element elementor-element-763c6e97 elementor-section-boxed elementor-section-height-default elementor-section-height-default\" data-id=\"763c6e97\" data-element_type=\"section\" data-e-type=\"section\" data-settings=\"{&quot;background_background&quot;:&quot;classic&quot;}\">\n\t\t\t\t\t\t<div class=\"elementor-container elementor-column-gap-default\">\n\t\t\t\t\t<div class=\"elementor-column elementor-col-100 elementor-top-column elementor-element elementor-element-509414e\" data-id=\"509414e\" data-element_type=\"column\" data-e-type=\"column\">\n\t\t\t<div class=\"elementor-widget-wrap elementor-element-populated\">\n\t\t\t\t\t\t<div class=\"elementor-element elementor-element-1d42f2df elementor-widget elementor-widget-heading\" data-id=\"1d42f2df\" data-element_type=\"widget\" data-e-type=\"widget\" data-widget_type=\"heading.default\">\n\t\t\t\t<div class=\"elementor-widget-container\">\n\t\t\t\t\t<h2 class=\"elementor-heading-title elementor-size-default\">Acerca de<\/h2>\t\t\t\t<\/div>\n\t\t\t\t<\/div>\n\t\t\t\t\t<\/div>\n\t\t<\/div>\n\t\t\t\t\t<\/div>\n\t\t<\/section>\n\t\t\t\t<section class=\"elementor-section elementor-top-section elementor-element elementor-element-72161630 elementor-section-boxed elementor-section-height-default elementor-section-height-default\" data-id=\"72161630\" data-element_type=\"section\" data-e-type=\"section\" data-settings=\"{&quot;background_background&quot;:&quot;classic&quot;}\">\n\t\t\t\t\t\t<div class=\"elementor-container elementor-column-gap-default\">\n\t\t\t\t\t<div class=\"elementor-column elementor-col-50 elementor-top-column elementor-element elementor-element-404f50eb\" data-id=\"404f50eb\" data-element_type=\"column\" data-e-type=\"column\">\n\t\t\t<div class=\"elementor-widget-wrap elementor-element-populated\">\n\t\t\t\t\t\t<div class=\"elementor-element elementor-element-227b6e5 elementor-widget elementor-widget-image\" data-id=\"227b6e5\" data-element_type=\"widget\" data-e-type=\"widget\" data-widget_type=\"image.default\">\n\t\t\t\t<div class=\"elementor-widget-container\">\n\t\t\t\t\t\t\t\t\t\t\t\t\t\t\t<img fetchpriority=\"high\" decoding=\"async\" width=\"768\" height=\"1024\" src=\"https:\/\/marciadiasillustration.com\/wp-content\/uploads\/2024\/01\/sobre.jpeg\" class=\"attachment-large size-large wp-image-672\" alt=\"\" srcset=\"https:\/\/marciadiasillustration.com\/wp-content\/uploads\/2024\/01\/sobre.jpeg 768w, https:\/\/marciadiasillustration.com\/wp-content\/uploads\/2024\/01\/sobre-225x300.jpeg 225w, https:\/\/marciadiasillustration.com\/wp-content\/uploads\/2024\/01\/sobre-600x800.jpeg 600w\" sizes=\"(max-width: 768px) 100vw, 768px\" \/>\t\t\t\t\t\t\t\t\t\t\t\t\t\t\t<\/div>\n\t\t\t\t<\/div>\n\t\t\t\t\t<\/div>\n\t\t<\/div>\n\t\t\t\t<div class=\"elementor-column elementor-col-50 elementor-top-column elementor-element elementor-element-7bbffb7\" data-id=\"7bbffb7\" data-element_type=\"column\" data-e-type=\"column\">\n\t\t\t<div class=\"elementor-widget-wrap elementor-element-populated\">\n\t\t\t\t\t\t<div class=\"elementor-element elementor-element-8892295 elementor-widget elementor-widget-text-editor\" data-id=\"8892295\" data-element_type=\"widget\" data-e-type=\"widget\" data-widget_type=\"text-editor.default\">\n\t\t\t\t<div class=\"elementor-widget-container\">\n\t\t\t\t\t\t\t\t\t<p>Con un proceso creativo \u00fanico, desarrollado seg\u00fan las solicitudes del cliente y para cumplir con sus expectativas, mis ilustraciones transmiten personalidad a trav\u00e9s de colores y l\u00edneas.<br \/>Todos ellos est\u00e1n elaborados a mano, exclusivamente para el mercado editorial, literario y publicitario.<br \/>Hoy mi objetivo es mostrar mis dibujos al mundo y espero que lleguen e inspiren a muchas personas de la misma manera que me pas\u00f3 a m\u00ed.<\/p><p>Marcia Dias<\/p>\t\t\t\t\t\t\t\t<\/div>\n\t\t\t\t<\/div>\n\t\t\t\t\t<\/div>\n\t\t<\/div>\n\t\t\t\t\t<\/div>\n\t\t<\/section>\n\t\t\t\t<\/div>\n\t\t","protected":false},"excerpt":{"rendered":"<p>Con un proceso creativo \u00fanico, desarrollado seg\u00fan las solicitudes del cliente y para cumplir con sus expectativas, mis ilustraciones transmiten&#8230;<\/p>\n","protected":false},"author":1,"featured_media":0,"parent":0,"menu_order":0,"comment_status":"closed","ping_status":"closed","template":"","meta":{"footnotes":""},"class_list":["post-1958","page","type-page","status-publish","hentry"],"post-meta":{"_elementor_edit_mode":["builder"],"_elementor_template_type":["wp-page"],"_top_nav_excluded":[""],"_cms_nav_minihome":[""],"_wp_page_template":["default"],"_elementor_page_settings":["a:5:{s:21:\"background_background\";s:7:\"classic\";s:16:\"background_image\";a:5:{s:3:\"url\";s:0:\"\";s:2:\"id\";s:0:\"\";s:4:\"size\";s:0:\"\";s:3:\"alt\";s:0:\"\";s:6:\"source\";s:7:\"library\";}s:19:\"background_position\";s:13:\"center center\";s:17:\"background_repeat\";s:6:\"repeat\";s:15:\"background_size\";s:4:\"auto\";}"],"_elementor_data":["[{\"id\":\"763c6e97\",\"elType\":\"section\",\"settings\":{\"background_background\":\"classic\",\"background_color\":\"#02010100\"},\"elements\":[{\"id\":\"509414e\",\"elType\":\"column\",\"settings\":{\"_column_size\":100,\"_inline_size\":null},\"elements\":[{\"id\":\"1d42f2df\",\"elType\":\"widget\",\"settings\":{\"title\":\"Adicione o texto do seu t\\u00edtulo aqui\",\"__dynamic__\":{\"title\":\"[elementor-tag id=\\\"89d7a0b\\\" name=\\\"post-title\\\" settings=\\\"%7B%7D\\\"]\"},\"align\":\"center\"},\"elements\":[],\"widgetType\":\"heading\"}],\"isInner\":false}],\"isInner\":false},{\"id\":\"72161630\",\"elType\":\"section\",\"settings\":{\"margin\":{\"unit\":\"px\",\"top\":\"0\",\"right\":0,\"bottom\":\"100\",\"left\":0,\"isLinked\":false},\"content_width\":{\"unit\":\"px\",\"size\":750,\"sizes\":[]},\"structure\":\"20\",\"background_background\":\"classic\",\"background_color\":\"#02010100\"},\"elements\":[{\"id\":\"404f50eb\",\"elType\":\"column\",\"settings\":{\"_column_size\":50,\"_inline_size\":null},\"elements\":[{\"id\":\"227b6e5\",\"elType\":\"widget\",\"settings\":{\"image\":{\"url\":\"https:\\\/\\\/marciadiasillustration.com\\\/wp-content\\\/uploads\\\/2024\\\/01\\\/sobre.jpeg\",\"id\":672,\"size\":\"\",\"alt\":\"\",\"source\":\"library\"}},\"elements\":[],\"widgetType\":\"image\"}],\"isInner\":false},{\"id\":\"7bbffb7\",\"elType\":\"column\",\"settings\":{\"_column_size\":50,\"_inline_size\":null},\"elements\":[{\"id\":\"8892295\",\"elType\":\"widget\",\"settings\":{\"editor\":\"<p>Con un proceso creativo \\u00fanico, desarrollado seg\\u00fan las solicitudes del cliente y para cumplir con sus expectativas, mis ilustraciones transmiten personalidad a trav\\u00e9s de colores y l\\u00edneas.<br \\\/>Todos ellos est\\u00e1n elaborados a mano, exclusivamente para el mercado editorial, literario y publicitario.<br \\\/>Hoy mi objetivo es mostrar mis dibujos al mundo y espero que lleguen e inspiren a muchas personas de la misma manera que me pas\\u00f3 a m\\u00ed.<\\\/p><p>Marcia Dias<\\\/p>\"},\"elements\":[],\"widgetType\":\"text-editor\"}],\"isInner\":false}],\"isInner\":false}]"],"_edit_lock":["1722611702:1"],"_wpml_media_featured":["1"],"_wpml_media_duplicate":["1"],"_elementor_pro_version":["3.21.3"],"_elementor_version":["3.21.6"],"_elementor_page_assets":["a:2:{s:6:\"styles\";a:2:{i:0;s:14:\"widget-heading\";i:1;s:12:\"widget-image\";}s:7:\"scripts\";a:1:{i:0;s:18:\"elementor-frontend\";}}"],"_elementor_css":["a:6:{s:4:\"time\";i:1778046474;s:5:\"fonts\";a:0:{}s:5:\"icons\";a:0:{}s:20:\"dynamic_elements_ids\";a:1:{i:0;s:8:\"1d42f2df\";}s:6:\"status\";s:4:\"file\";i:0;s:0:\"\";}"],"_elementor_element_cache":["{\"timeout\":1778122074,\"value\":{\"content\":\"\\t\\t<section class=\\\"elementor-section elementor-top-section elementor-element elementor-element-763c6e97 elementor-section-boxed elementor-section-height-default elementor-section-height-default\\\" data-id=\\\"763c6e97\\\" data-element_type=\\\"section\\\" data-e-type=\\\"section\\\" data-settings=\\\"{&quot;background_background&quot;:&quot;classic&quot;}\\\">\\n\\t\\t\\t\\t\\t\\t<div class=\\\"elementor-container elementor-column-gap-default\\\">\\n\\t\\t\\t\\t\\t<div class=\\\"elementor-column elementor-col-100 elementor-top-column elementor-element elementor-element-509414e\\\" data-id=\\\"509414e\\\" data-element_type=\\\"column\\\" data-e-type=\\\"column\\\">\\n\\t\\t\\t<div class=\\\"elementor-widget-wrap elementor-element-populated\\\">\\n\\t\\t\\t\\t[elementor-element k=\\\"e61aaa9f3fa9df7c971df0f08a704673\\\" data=\\\"eyJpZCI6IjFkNDJmMmRmIiwiZWxUeXBlIjoid2lkZ2V0Iiwic2V0dGluZ3MiOnsidGl0bGUiOiJBZGljaW9uZSBvIHRleHRvIGRvIHNldSB0XHUwMGVkdHVsbyBhcXVpIiwiX19keW5hbWljX18iOnsidGl0bGUiOiJbZWxlbWVudG9yLXRhZyBpZD1cIjg5ZDdhMGJcIiBuYW1lPVwicG9zdC10aXRsZVwiIHNldHRpbmdzPVwiJTdCJTdEXCJdIn0sImFsaWduIjoiY2VudGVyIn0sImVsZW1lbnRzIjpbXSwid2lkZ2V0VHlwZSI6ImhlYWRpbmcifQ==\\\"]\\t\\t\\t<\\\/div>\\n\\t\\t<\\\/div>\\n\\t\\t\\t\\t\\t<\\\/div>\\n\\t\\t<\\\/section>\\n\\t\\t\\t\\t<section class=\\\"elementor-section elementor-top-section elementor-element elementor-element-72161630 elementor-section-boxed elementor-section-height-default elementor-section-height-default\\\" data-id=\\\"72161630\\\" data-element_type=\\\"section\\\" data-e-type=\\\"section\\\" data-settings=\\\"{&quot;background_background&quot;:&quot;classic&quot;}\\\">\\n\\t\\t\\t\\t\\t\\t<div class=\\\"elementor-container elementor-column-gap-default\\\">\\n\\t\\t\\t\\t\\t<div class=\\\"elementor-column elementor-col-50 elementor-top-column elementor-element elementor-element-404f50eb\\\" data-id=\\\"404f50eb\\\" data-element_type=\\\"column\\\" data-e-type=\\\"column\\\">\\n\\t\\t\\t<div class=\\\"elementor-widget-wrap elementor-element-populated\\\">\\n\\t\\t\\t\\t\\t\\t<div class=\\\"elementor-element elementor-element-227b6e5 elementor-widget elementor-widget-image\\\" data-id=\\\"227b6e5\\\" data-element_type=\\\"widget\\\" data-e-type=\\\"widget\\\" data-widget_type=\\\"image.default\\\">\\n\\t\\t\\t\\t<div class=\\\"elementor-widget-container\\\">\\n\\t\\t\\t\\t\\t\\t\\t\\t\\t\\t\\t\\t\\t\\t\\t<img width=\\\"768\\\" height=\\\"1024\\\" src=\\\"https:\\\/\\\/marciadiasillustration.com\\\/wp-content\\\/uploads\\\/2024\\\/01\\\/sobre.jpeg\\\" class=\\\"attachment-large size-large wp-image-672\\\" alt=\\\"\\\" srcset=\\\"https:\\\/\\\/marciadiasillustration.com\\\/wp-content\\\/uploads\\\/2024\\\/01\\\/sobre.jpeg 768w, https:\\\/\\\/marciadiasillustration.com\\\/wp-content\\\/uploads\\\/2024\\\/01\\\/sobre-225x300.jpeg 225w, https:\\\/\\\/marciadiasillustration.com\\\/wp-content\\\/uploads\\\/2024\\\/01\\\/sobre-600x800.jpeg 600w\\\" sizes=\\\"(max-width: 768px) 100vw, 768px\\\" \\\/>\\t\\t\\t\\t\\t\\t\\t\\t\\t\\t\\t\\t\\t\\t\\t<\\\/div>\\n\\t\\t\\t\\t<\\\/div>\\n\\t\\t\\t\\t\\t<\\\/div>\\n\\t\\t<\\\/div>\\n\\t\\t\\t\\t<div class=\\\"elementor-column elementor-col-50 elementor-top-column elementor-element elementor-element-7bbffb7\\\" data-id=\\\"7bbffb7\\\" data-element_type=\\\"column\\\" data-e-type=\\\"column\\\">\\n\\t\\t\\t<div class=\\\"elementor-widget-wrap elementor-element-populated\\\">\\n\\t\\t\\t\\t[elementor-element k=\\\"e61aaa9f3fa9df7c971df0f08a704673\\\" data=\\\"eyJpZCI6Ijg4OTIyOTUiLCJlbFR5cGUiOiJ3aWRnZXQiLCJzZXR0aW5ncyI6eyJlZGl0b3IiOiI8cD5Db24gdW4gcHJvY2VzbyBjcmVhdGl2byBcdTAwZmFuaWNvLCBkZXNhcnJvbGxhZG8gc2VnXHUwMGZhbiBsYXMgc29saWNpdHVkZXMgZGVsIGNsaWVudGUgeSBwYXJhIGN1bXBsaXIgY29uIHN1cyBleHBlY3RhdGl2YXMsIG1pcyBpbHVzdHJhY2lvbmVzIHRyYW5zbWl0ZW4gcGVyc29uYWxpZGFkIGEgdHJhdlx1MDBlOXMgZGUgY29sb3JlcyB5IGxcdTAwZWRuZWFzLjxiciBcLz5Ub2RvcyBlbGxvcyBlc3RcdTAwZTFuIGVsYWJvcmFkb3MgYSBtYW5vLCBleGNsdXNpdmFtZW50ZSBwYXJhIGVsIG1lcmNhZG8gZWRpdG9yaWFsLCBsaXRlcmFyaW8geSBwdWJsaWNpdGFyaW8uPGJyIFwvPkhveSBtaSBvYmpldGl2byBlcyBtb3N0cmFyIG1pcyBkaWJ1am9zIGFsIG11bmRvIHkgZXNwZXJvIHF1ZSBsbGVndWVuIGUgaW5zcGlyZW4gYSBtdWNoYXMgcGVyc29uYXMgZGUgbGEgbWlzbWEgbWFuZXJhIHF1ZSBtZSBwYXNcdTAwZjMgYSBtXHUwMGVkLjxcL3A+PHA+TWFyY2lhIERpYXM8XC9wPiJ9LCJlbGVtZW50cyI6W10sIndpZGdldFR5cGUiOiJ0ZXh0LWVkaXRvciJ9\\\"]\\t\\t\\t<\\\/div>\\n\\t\\t<\\\/div>\\n\\t\\t\\t\\t\\t<\\\/div>\\n\\t\\t<\\\/section>\\n\\t\\t\",\"scripts\":[],\"styles\":[]}}"]},"_links":{"self":[{"href":"https:\/\/marciadiasillustration.com\/es\/wp-json\/wp\/v2\/pages\/1958","targetHints":{"allow":["GET"]}}],"collection":[{"href":"https:\/\/marciadiasillustration.com\/es\/wp-json\/wp\/v2\/pages"}],"about":[{"href":"https:\/\/marciadiasillustration.com\/es\/wp-json\/wp\/v2\/types\/page"}],"author":[{"embeddable":true,"href":"https:\/\/marciadiasillustration.com\/es\/wp-json\/wp\/v2\/users\/1"}],"replies":[{"embeddable":true,"href":"https:\/\/marciadiasillustration.com\/es\/wp-json\/wp\/v2\/comments?post=1958"}],"version-history":[{"count":5,"href":"https:\/\/marciadiasillustration.com\/es\/wp-json\/wp\/v2\/pages\/1958\/revisions"}],"predecessor-version":[{"id":2030,"href":"https:\/\/marciadiasillustration.com\/es\/wp-json\/wp\/v2\/pages\/1958\/revisions\/2030"}],"wp:attachment":[{"href":"https:\/\/marciadiasillustration.com\/es\/wp-json\/wp\/v2\/media?parent=1958"}],"curies":[{"name":"wp","href":"https:\/\/api.w.org\/{rel}","templated":true}]}}