{"id":102,"date":"2023-11-28T13:59:22","date_gmt":"2023-11-28T16:59:22","guid":{"rendered":"https:\/\/marciadiasillustration.com\/?post_type=product&#038;p=102"},"modified":"2023-11-28T14:08:27","modified_gmt":"2023-11-28T17:08:27","slug":"quadro-exemplo","status":"publish","type":"product","link":"https:\/\/marciadiasillustration.com\/en\/shop\/shop\/quadro-exemplo\/","title":{"rendered":"Quadro Exemplo 1"},"content":{"rendered":"<p><strong>Quadro em Papel Fotogr\u00e1fico<\/strong><\/p>\n<p>Impresso em papel fotogr\u00e1fico fosco (Matte).<br \/>\nTodas as artes s\u00e3o impressas sem borda.<\/p>\n<p><strong>Com moldura (recomendado)<\/strong><\/p>\n<p>Para o quadro em papel fotogr\u00e1fico oferecemos uma moldura em madeira com altura de 3,2cm e largura vis\u00edvel de 2,2cm.<br \/>\nAcabamento com acr\u00edlico cristal, fundo em Foam, j\u00e1 vem com penduradores.<br \/>\nO quadro est\u00e1 pronto para ir para parede \ud83d\ude00<\/p>\n<p><strong>Sem moldura<\/strong><\/p>\n<p class=\"m-0\">Na op\u00e7\u00e3o sem moldura a arte ser\u00e1 enviada num tubo, garantindo a integridade da mesma. Todas as artes em Papel Fotogr\u00e1fico s\u00e3o impressas sem borda.<\/p>\n","protected":false},"excerpt":{"rendered":"<p>Quadro em Papel Fotogr\u00e1fico Impresso em papel fotogr\u00e1fico fosco (Matte). Todas as artes s\u00e3o impressas sem borda. Com moldura (recomendado)&#8230;<\/p>\n","protected":false},"featured_media":114,"comment_status":"open","ping_status":"closed","template":"","meta":[],"product_brand":[],"product_cat":[19],"product_tag":[],"class_list":{"0":"post-102","1":"product","2":"type-product","3":"status-publish","4":"has-post-thumbnail","6":"product_cat-shop","8":"first","9":"instock","10":"shipping-taxable","11":"purchasable","12":"product-type-simple"},"_links":{"self":[{"href":"https:\/\/marciadiasillustration.com\/en\/wp-json\/wp\/v2\/product\/102","targetHints":{"allow":["GET"]}}],"collection":[{"href":"https:\/\/marciadiasillustration.com\/en\/wp-json\/wp\/v2\/product"}],"about":[{"href":"https:\/\/marciadiasillustration.com\/en\/wp-json\/wp\/v2\/types\/product"}],"replies":[{"embeddable":true,"href":"https:\/\/marciadiasillustration.com\/en\/wp-json\/wp\/v2\/comments?post=102"}],"wp:featuredmedia":[{"embeddable":true,"href":"https:\/\/marciadiasillustration.com\/en\/wp-json\/wp\/v2\/media\/114"}],"wp:attachment":[{"href":"https:\/\/marciadiasillustration.com\/en\/wp-json\/wp\/v2\/media?parent=102"}],"wp:term":[{"taxonomy":"product_brand","embeddable":true,"href":"https:\/\/marciadiasillustration.com\/en\/wp-json\/wp\/v2\/product_brand?post=102"},{"taxonomy":"product_cat","embeddable":true,"href":"https:\/\/marciadiasillustration.com\/en\/wp-json\/wp\/v2\/product_cat?post=102"},{"taxonomy":"product_tag","embeddable":true,"href":"https:\/\/marciadiasillustration.com\/en\/wp-json\/wp\/v2\/product_tag?post=102"}],"curies":[{"name":"wp","href":"https:\/\/api.w.org\/{rel}","templated":true}]}}